{"id":313,"date":"2020-01-10T23:42:02","date_gmt":"2020-01-10T23:42:02","guid":{"rendered":"https:\/\/stsmontagen.de\/?page_id=313"},"modified":"2022-05-13T22:13:35","modified_gmt":"2022-05-13T21:13:35","slug":"impressum","status":"publish","type":"page","link":"https:\/\/stsmontagen.de\/?page_id=313","title":{"rendered":"Impressum"},"content":{"rendered":"<p><section class=\"kc-elm kc-css-405935 kc_row\"><div class=\"kc-row-container  kc-container\"><div class=\"kc-wrap-columns\"><div class=\"kc-elm kc-css-47539 kc_col-sm-12 kc_column kc_col-sm-12\"><div class=\"kc-col-container\">\n<div class=\"kc-elm kc-css-112778 kc-title-wrap \">\n\n\t<h1 class=\"kc_title\">Impressum<\/h1>\n<\/div>\n<div class=\"kc-elm kc-css-85940\" style=\"height: 30px; clear: both; width:100%;\"><\/div><\/div><\/div><\/div><\/div><\/section><section class=\"kc-elm kc-css-577964 kc_row\"><div class=\"kc-row-container  kc-container\"><div class=\"kc-wrap-columns\"><div class=\"kc-elm kc-css-310821 kc_col-sm-6 kc_column kc_col-sm-6\"><div class=\"kc-col-container\"><div class=\"kc-elm kc-css-134314 kc_text_block\"><\/p>\n<p><strong>STS Montagen<\/strong><\/p>\n<p class=\"MsoNormal\">Sascha ter Smitten<\/p>\n<p class=\"MsoNormal\">Hufeisenstr. 15<\/p>\n<p class=\"MsoNormal\">85386 Eching<\/p>\n<p class=\"MsoNormal\"><em>Telefon:<\/em> +49174 9855714<\/p>\n<p class=\"MsoNormal\"><em>Umsatzsteuer-ID:<\/em><\/p>\n<p class=\"MsoNormal\">Umsatzsteuer-Identifikationsnummer nach \u00a727a Umsatzsteuergesetz:<\/p>\n<p class=\"MsoNormal\">DE316909757<\/p>\n<p>\n<\/div><div class=\"kc-elm kc-css-717528\" style=\"height: 20px; clear: both; width:100%;\"><\/div>\n<div class=\"kc-elm kc-css-233065\">\n\t<a class=\"kc_button\" href=\"https:\/\/stsmontagen.de\/?page_id=18\" target=\"_self\" title=\"Kontakt\" onclick=\"Kontakt\">\n\t\tKontaktieren Sie uns f\u00fcr mehr Informationen\t<\/a>\n<\/div>\n<div class=\"kc-elm kc-css-319083\" style=\"height: 20px; clear: both; width:100%;\"><\/div>\n<div class=\"kc-elm kc-css-872221 kc-title-wrap \">\n\n\t<h2 class=\"kc_title\">Allgemeine Gesch\u00e4ftsbedingungen<\/h2>\n<\/div>\n\n<div class=\"kc-elm kc-css-438067\">\n\t<a class=\"kc_button\" href=\"https:\/\/stsmontagen.de\/wp-content\/uploads\/2022\/05\/AGB-STS-Montagen.pdf\" target=\"_blank\" title=\"AGB STS Montagen\" onclick=\"\">\n\t\t<i class=\"et-document\"><\/i> AGBs herunterladen\t<\/a>\n<\/div>\n<div class=\"kc-elm kc-css-226581\" style=\"height: 20px; clear: both; width:100%;\"><\/div><\/div><\/div><div class=\"kc-elm kc-css-566381 kc_col-sm-6 kc_column kc_col-sm-6\"><div class=\"kc-col-container\"><div class=\"kc-elm kc-css-292356 kc_shortcode kc_single_image\">\n\n        <img decoding=\"async\" src=\"https:\/\/stsmontagen.de\/wp-content\/uploads\/2019\/12\/logo_large-300x156.png\" class=\"\" alt=\"\" \/>    <\/div>\n<\/div><\/div><\/div><\/div><\/section><section class=\"kc-elm kc-css-151547 kc_row\"><div class=\"kc-row-container  kc-container\"><div class=\"kc-wrap-columns\"><div class=\"kc-elm kc-css-335691 kc_col-sm-12 kc_column kc_col-sm-12\"><div class=\"kc-col-container\">\n<div class=\"kc-elm kc-css-221046 kc-title-wrap \">\n\n\t<h2 class=\"kc_title\">Bildrechte:<\/h2>\n<\/div>\n<div class=\"kc-elm kc-css-837721 kc_text_block\"><\/p>\n<p class=\"MsoNormal\">Sascha ter Smitten<\/p>\n<p class=\"MsoNormal\">Pixbay.com<\/p>\n<p>\n<\/div>\n<div class=\"kc-elm kc-css-102829 kc-title-wrap \">\n\n\t<h2 class=\"kc_title\">Disclaimer \u2013 rechtliche Hinweise<\/h2>\n<\/div>\n<div class=\"kc-elm kc-css-241038 kc_text_block\"><\/p>\n<p class=\"MsoNormal\"><strong>\u00a7 1 Warnhinweis zu Inhalten<\/strong><\/p>\n<p class=\"MsoNormal\">Die kostenlosen und frei zug\u00e4nglichen Inhalte dieser Webseite wurden mit gr\u00f6\u00dftm\u00f6glicher Sorgfalt erstellt. Der Anbieter dieser Webseite \u00fcbernimmt jedoch keine Gew\u00e4hr f\u00fcr die Richtigkeit und Aktualit\u00e4t der bereitgestellten kostenlosen und frei zug\u00e4nglichen journalistischen Ratgeber und Nachrichten. Namentlich gekennzeichnete Beitr\u00e4ge geben die Meinung des jeweiligen Autors und nicht immer die Meinung des Anbieters wieder. Allein durch den Aufruf der kostenlosen und frei zug\u00e4nglichen Inhalte kommt keinerlei Vertragsverh\u00e4ltnis zwischen dem Nutzer und dem Anbieter zustande, insoweit fehlt es am Rechtsbindungswillen des Anbieters.<\/p>\n<p class=\"MsoNormal\"><strong>\u00a7 2 Externe Links<\/strong><\/p>\n<p class=\"MsoNormal\">Diese Website enth\u00e4lt Verkn\u00fcpfungen zu Websites Dritter (&#8222;<a href=\"https:\/\/de.wordpress.org\/\">https:\/\/de.wordpress.org\/<\/a>&#8222;,\u201c<a href=\"https:\/\/envothemes.com\/\">https:\/\/envothemes.com\/<\/a>\u201c). Diese Websites unterliegen der Haftung der jeweiligen Betreiber. Der Anbieter hat bei der erstmaligen Verkn\u00fcpfung der externen Links die fremden Inhalte daraufhin \u00fcberpr\u00fcft, ob etwaige Rechtsverst\u00f6\u00dfe bestehen. Zu dem Zeitpunkt waren keine Rechtsverst\u00f6\u00dfe ersichtlich. Der Anbieter hat keinerlei Einfluss auf die aktuelle und zuk\u00fcnftige Gestaltung und auf die Inhalte der verkn\u00fcpften Seiten. Das Setzen von externen Links bedeutet nicht, dass sich der Anbieter die hinter dem Verweis oder Link liegenden Inhalte zu Eigen macht. Eine st\u00e4ndige Kontrolle der externen Links ist f\u00fcr den Anbieter ohne konkrete Hinweise auf Rechtsverst\u00f6\u00dfe nicht zumutbar. Bei Kenntnis von Rechtsverst\u00f6\u00dfen werden jedoch derartige externe Links unverz\u00fcglich gel\u00f6scht.<\/p>\n<p class=\"MsoNormal\"><strong>\u00a7 3 Urheber- und Leistungsschutzrechte<\/strong><\/p>\n<p class=\"MsoNormal\">Die auf dieser Website ver\u00f6ffentlichten Inhalte unterliegen dem deutschen Urheber- und Leistungsschutzrecht. Jede vom deutschen Urheber- und Leistungsschutzrecht nicht zugelassene Verwertung bedarf der vorherigen schriftlichen Zustimmung des Anbieters oder jeweiligen Rechteinhabers. Dies gilt insbesondere f\u00fcr Vervielf\u00e4ltigung, Bearbeitung, \u00dcbersetzung, Einspeicherung, Verarbeitung bzw. Wiedergabe von Inhalten in Datenbanken oder anderen elektronischen Medien und Systemen. Inhalte und Rechte Dritter sind dabei als solche gekennzeichnet. Die unerlaubte Vervielf\u00e4ltigung oder Weitergabe einzelner Inhalte oder kompletter Seiten ist nicht gestattet und strafbar. Lediglich die Herstellung von Kopien und Downloads f\u00fcr den pers\u00f6nlichen, privaten und nicht kommerziellen Gebrauch ist erlaubt. Die Darstellung dieser Website in fremden Frames ist nur mit schriftlicher Erlaubnis zul\u00e4ssig.<\/p>\n<p class=\"MsoNormal\"><strong>\u00a7 4 Besondere Nutzungsbedingungen<\/strong><\/p>\n<p class=\"MsoNormal\" style=\"margin-bottom: .0001pt; line-height: normal; mso-layout-grid-align: none; text-autospace: none;\"><span style=\"font-size: 10.0pt; font-family: &#039;Arial&#039;,sans-serif;\">Soweit besondere Bedingungen f\u00fcr einzelne Nutzungen dieser Website von den vorgenannten<\/span><\/p>\n<p class=\"MsoNormal\" style=\"margin-bottom: .0001pt; line-height: normal; mso-layout-grid-align: none; text-autospace: none;\"><span style=\"font-size: 10.0pt; font-family: &#039;Arial&#039;,sans-serif;\">Paragraphen abweichen, wird an entsprechender Stelle ausdr\u00fccklich darauf hingewiesen. In diesem Falle gelten im jeweiligen Einzelfall die besonderen Nutzungsbedingungen.<\/span><\/p>\n<p class=\"MsoNormal\" style=\"margin-bottom: .0001pt; line-height: normal; mso-layout-grid-align: none; text-autospace: none;\"><span style=\"font-size: 10.0pt; font-family: &#039;Arial&#039;,sans-serif;\">\u00a0<\/span><\/p>\n<p class=\"MsoNormal\"><span style=\"font-size: 10.0pt; line-height: 107%; font-family: &#039;Arial&#039;,sans-serif;\">Quelle: Impressum erstellen auf JuraForum.de<\/span><\/p>\n<p>\n<\/div><\/div><\/div><\/div><\/div><\/section><\/p>\n","protected":false},"excerpt":{"rendered":"","protected":false},"author":1,"featured_media":0,"parent":0,"menu_order":0,"comment_status":"closed","ping_status":"closed","template":"template-parts\/template-homepage.php","meta":{"footnotes":""},"class_list":["post-313","page","type-page","status-publish","hentry"],"_links":{"self":[{"href":"https:\/\/stsmontagen.de\/index.php?rest_route=\/wp\/v2\/pages\/313","targetHints":{"allow":["GET"]}}],"collection":[{"href":"https:\/\/stsmontagen.de\/index.php?rest_route=\/wp\/v2\/pages"}],"about":[{"href":"https:\/\/stsmontagen.de\/index.php?rest_route=\/wp\/v2\/types\/page"}],"author":[{"embeddable":true,"href":"https:\/\/stsmontagen.de\/index.php?rest_route=\/wp\/v2\/users\/1"}],"replies":[{"embeddable":true,"href":"https:\/\/stsmontagen.de\/index.php?rest_route=%2Fwp%2Fv2%2Fcomments&post=313"}],"version-history":[{"count":30,"href":"https:\/\/stsmontagen.de\/index.php?rest_route=\/wp\/v2\/pages\/313\/revisions"}],"predecessor-version":[{"id":898,"href":"https:\/\/stsmontagen.de\/index.php?rest_route=\/wp\/v2\/pages\/313\/revisions\/898"}],"wp:attachment":[{"href":"https:\/\/stsmontagen.de\/index.php?rest_route=%2Fwp%2Fv2%2Fmedia&parent=313"}],"curies":[{"name":"wp","href":"https:\/\/api.w.org\/{rel}","templated":true}]}}